{"id":432,"date":"2022-02-21T18:10:12","date_gmt":"2022-02-21T18:10:12","guid":{"rendered":"https:\/\/sanrafaeldelparana.gov.py\/?page_id=432"},"modified":"2022-02-21T18:10:13","modified_gmt":"2022-02-21T18:10:13","slug":"mecip-2015","status":"publish","type":"page","link":"https:\/\/sanrafaeldelparana.gov.py\/index.php\/mecip-2015\/","title":{"rendered":"MECIP 2015"},"content":{"rendered":"","protected":false},"excerpt":{"rendered":"","protected":false},"author":1,"featured_media":0,"parent":0,"menu_order":0,"comment_status":"closed","ping_status":"closed","template":"","meta":{"_eb_attr":"","footnotes":""},"class_list":["post-432","page","type-page","status-publish","hentry"],"yoast_head":"<!-- This site is optimized with the Yoast SEO plugin v27.5 - https:\/\/yoast.com\/product\/yoast-seo-wordpress\/ -->\n<title>MECIP 2015 -<\/title>\n<meta name=\"description\" content=\"El Modelo Est\u00e1ndar de Control Interno del Paraguay \u2013 MECIP \u2013 propone a las Instituciones P\u00fablicas del Paraguay una estructura de Control Interno para la organizaci\u00f3n y los principios, fundamentos y conceptos b\u00e1sicos que la sustentan, como una herramienta de apoyo a su propia gesti\u00f3n.\" \/>\n<meta name=\"robots\" content=\"noindex, follow, max-snippet:-1, max-image-preview:large, max-video-preview:-1\" \/>\n<meta property=\"og:locale\" content=\"es_ES\" \/>\n<meta property=\"og:type\" content=\"article\" \/>\n<meta property=\"og:title\" content=\"MECIP 2015 -\" \/>\n<meta property=\"og:description\" content=\"El Modelo Est\u00e1ndar de Control Interno del Paraguay \u2013 MECIP \u2013 propone a las Instituciones P\u00fablicas del Paraguay una estructura de Control Interno para la organizaci\u00f3n y los principios, fundamentos y conceptos b\u00e1sicos que la sustentan, como una herramienta de apoyo a su propia gesti\u00f3n.\" \/>\n<meta property=\"og:url\" content=\"https:\/\/sanrafaeldelparana.gov.py\/index.php\/mecip-2015\/\" \/>\n<meta property=\"og:site_name\" content=\"Municipalidad de San Rafael del Paran\u00e1\" \/>\n<meta property=\"article:modified_time\" content=\"2022-02-21T18:10:13+00:00\" \/>\n<meta name=\"twitter:card\" content=\"summary_large_image\" \/>\n<script type=\"application\/ld+json\" class=\"yoast-schema-graph\">{\"@context\":\"https:\\\/\\\/schema.org\",\"@graph\":[{\"@type\":\"WebPage\",\"@id\":\"https:\\\/\\\/sanrafaeldelparana.gov.py\\\/index.php\\\/mecip-2015\\\/\",\"url\":\"https:\\\/\\\/sanrafaeldelparana.gov.py\\\/index.php\\\/mecip-2015\\\/\",\"name\":\"MECIP 2015 -\",\"isPartOf\":{\"@id\":\"https:\\\/\\\/sanrafaeldelparana.gov.py\\\/#website\"},\"datePublished\":\"2022-02-21T18:10:12+00:00\",\"dateModified\":\"2022-02-21T18:10:13+00:00\",\"description\":\"El Modelo Est\u00e1ndar de Control Interno del Paraguay \u2013 MECIP \u2013 propone a las Instituciones P\u00fablicas del Paraguay una estructura de Control Interno para la organizaci\u00f3n y los principios, fundamentos y conceptos b\u00e1sicos que la sustentan, como una herramienta de apoyo a su propia gesti\u00f3n.\",\"breadcrumb\":{\"@id\":\"https:\\\/\\\/sanrafaeldelparana.gov.py\\\/index.php\\\/mecip-2015\\\/#breadcrumb\"},\"inLanguage\":\"es\",\"potentialAction\":[{\"@type\":\"ReadAction\",\"target\":[\"https:\\\/\\\/sanrafaeldelparana.gov.py\\\/index.php\\\/mecip-2015\\\/\"]}]},{\"@type\":\"BreadcrumbList\",\"@id\":\"https:\\\/\\\/sanrafaeldelparana.gov.py\\\/index.php\\\/mecip-2015\\\/#breadcrumb\",\"itemListElement\":[{\"@type\":\"ListItem\",\"position\":1,\"name\":\"Home\",\"item\":\"https:\\\/\\\/sanrafaeldelparana.gov.py\\\/\"},{\"@type\":\"ListItem\",\"position\":2,\"name\":\"MECIP 2015\"}]},{\"@type\":\"WebSite\",\"@id\":\"https:\\\/\\\/sanrafaeldelparana.gov.py\\\/#website\",\"url\":\"https:\\\/\\\/sanrafaeldelparana.gov.py\\\/\",\"name\":\"Municipalidad de San Rafael del Paran\u00e1\",\"description\":\"\",\"publisher\":{\"@id\":\"https:\\\/\\\/sanrafaeldelparana.gov.py\\\/#organization\"},\"potentialAction\":[{\"@type\":\"SearchAction\",\"target\":{\"@type\":\"EntryPoint\",\"urlTemplate\":\"https:\\\/\\\/sanrafaeldelparana.gov.py\\\/?s={search_term_string}\"},\"query-input\":{\"@type\":\"PropertyValueSpecification\",\"valueRequired\":true,\"valueName\":\"search_term_string\"}}],\"inLanguage\":\"es\"},{\"@type\":\"Organization\",\"@id\":\"https:\\\/\\\/sanrafaeldelparana.gov.py\\\/#organization\",\"name\":\"Municipalidad de San Rafael del Paran\u00e1\",\"url\":\"https:\\\/\\\/sanrafaeldelparana.gov.py\\\/\",\"logo\":{\"@type\":\"ImageObject\",\"inLanguage\":\"es\",\"@id\":\"https:\\\/\\\/sanrafaeldelparana.gov.py\\\/#\\\/schema\\\/logo\\\/image\\\/\",\"url\":\"https:\\\/\\\/sanrafaeldelparana.gov.py\\\/wp-content\\\/uploads\\\/2021\\\/11\\\/cropped-logo.png\",\"contentUrl\":\"https:\\\/\\\/sanrafaeldelparana.gov.py\\\/wp-content\\\/uploads\\\/2021\\\/11\\\/cropped-logo.png\",\"width\":218,\"height\":230,\"caption\":\"Municipalidad de San Rafael del Paran\u00e1\"},\"image\":{\"@id\":\"https:\\\/\\\/sanrafaeldelparana.gov.py\\\/#\\\/schema\\\/logo\\\/image\\\/\"}}]}<\/script>\n<!-- \/ Yoast SEO plugin. -->","yoast_head_json":{"title":"MECIP 2015 -","description":"El Modelo Est\u00e1ndar de Control Interno del Paraguay \u2013 MECIP \u2013 propone a las Instituciones P\u00fablicas del Paraguay una estructura de Control Interno para la organizaci\u00f3n y los principios, fundamentos y conceptos b\u00e1sicos que la sustentan, como una herramienta de apoyo a su propia gesti\u00f3n.","robots":{"index":"noindex","follow":"follow","max-snippet":"max-snippet:-1","max-image-preview":"max-image-preview:large","max-video-preview":"max-video-preview:-1"},"og_locale":"es_ES","og_type":"article","og_title":"MECIP 2015 -","og_description":"El Modelo Est\u00e1ndar de Control Interno del Paraguay \u2013 MECIP \u2013 propone a las Instituciones P\u00fablicas del Paraguay una estructura de Control Interno para la organizaci\u00f3n y los principios, fundamentos y conceptos b\u00e1sicos que la sustentan, como una herramienta de apoyo a su propia gesti\u00f3n.","og_url":"https:\/\/sanrafaeldelparana.gov.py\/index.php\/mecip-2015\/","og_site_name":"Municipalidad de San Rafael del Paran\u00e1","article_modified_time":"2022-02-21T18:10:13+00:00","twitter_card":"summary_large_image","schema":{"@context":"https:\/\/schema.org","@graph":[{"@type":"WebPage","@id":"https:\/\/sanrafaeldelparana.gov.py\/index.php\/mecip-2015\/","url":"https:\/\/sanrafaeldelparana.gov.py\/index.php\/mecip-2015\/","name":"MECIP 2015 -","isPartOf":{"@id":"https:\/\/sanrafaeldelparana.gov.py\/#website"},"datePublished":"2022-02-21T18:10:12+00:00","dateModified":"2022-02-21T18:10:13+00:00","description":"El Modelo Est\u00e1ndar de Control Interno del Paraguay \u2013 MECIP \u2013 propone a las Instituciones P\u00fablicas del Paraguay una estructura de Control Interno para la organizaci\u00f3n y los principios, fundamentos y conceptos b\u00e1sicos que la sustentan, como una herramienta de apoyo a su propia gesti\u00f3n.","breadcrumb":{"@id":"https:\/\/sanrafaeldelparana.gov.py\/index.php\/mecip-2015\/#breadcrumb"},"inLanguage":"es","potentialAction":[{"@type":"ReadAction","target":["https:\/\/sanrafaeldelparana.gov.py\/index.php\/mecip-2015\/"]}]},{"@type":"BreadcrumbList","@id":"https:\/\/sanrafaeldelparana.gov.py\/index.php\/mecip-2015\/#breadcrumb","itemListElement":[{"@type":"ListItem","position":1,"name":"Home","item":"https:\/\/sanrafaeldelparana.gov.py\/"},{"@type":"ListItem","position":2,"name":"MECIP 2015"}]},{"@type":"WebSite","@id":"https:\/\/sanrafaeldelparana.gov.py\/#website","url":"https:\/\/sanrafaeldelparana.gov.py\/","name":"Municipalidad de San Rafael del Paran\u00e1","description":"","publisher":{"@id":"https:\/\/sanrafaeldelparana.gov.py\/#organization"},"potentialAction":[{"@type":"SearchAction","target":{"@type":"EntryPoint","urlTemplate":"https:\/\/sanrafaeldelparana.gov.py\/?s={search_term_string}"},"query-input":{"@type":"PropertyValueSpecification","valueRequired":true,"valueName":"search_term_string"}}],"inLanguage":"es"},{"@type":"Organization","@id":"https:\/\/sanrafaeldelparana.gov.py\/#organization","name":"Municipalidad de San Rafael del Paran\u00e1","url":"https:\/\/sanrafaeldelparana.gov.py\/","logo":{"@type":"ImageObject","inLanguage":"es","@id":"https:\/\/sanrafaeldelparana.gov.py\/#\/schema\/logo\/image\/","url":"https:\/\/sanrafaeldelparana.gov.py\/wp-content\/uploads\/2021\/11\/cropped-logo.png","contentUrl":"https:\/\/sanrafaeldelparana.gov.py\/wp-content\/uploads\/2021\/11\/cropped-logo.png","width":218,"height":230,"caption":"Municipalidad de San Rafael del Paran\u00e1"},"image":{"@id":"https:\/\/sanrafaeldelparana.gov.py\/#\/schema\/logo\/image\/"}}]}},"_links":{"self":[{"href":"https:\/\/sanrafaeldelparana.gov.py\/index.php\/wp-json\/wp\/v2\/pages\/432","targetHints":{"allow":["GET"]}}],"collection":[{"href":"https:\/\/sanrafaeldelparana.gov.py\/index.php\/wp-json\/wp\/v2\/pages"}],"about":[{"href":"https:\/\/sanrafaeldelparana.gov.py\/index.php\/wp-json\/wp\/v2\/types\/page"}],"author":[{"embeddable":true,"href":"https:\/\/sanrafaeldelparana.gov.py\/index.php\/wp-json\/wp\/v2\/users\/1"}],"replies":[{"embeddable":true,"href":"https:\/\/sanrafaeldelparana.gov.py\/index.php\/wp-json\/wp\/v2\/comments?post=432"}],"version-history":[{"count":1,"href":"https:\/\/sanrafaeldelparana.gov.py\/index.php\/wp-json\/wp\/v2\/pages\/432\/revisions"}],"predecessor-version":[{"id":434,"href":"https:\/\/sanrafaeldelparana.gov.py\/index.php\/wp-json\/wp\/v2\/pages\/432\/revisions\/434"}],"wp:attachment":[{"href":"https:\/\/sanrafaeldelparana.gov.py\/index.php\/wp-json\/wp\/v2\/media?parent=432"}],"curies":[{"name":"wp","href":"https:\/\/api.w.org\/{rel}","templated":true}]}}