{"id":190,"date":"2021-11-18T06:04:59","date_gmt":"2021-11-18T06:04:59","guid":{"rendered":"https:\/\/sanrafaeldelparana.gov.py\/?page_id=190"},"modified":"2021-12-27T12:38:48","modified_gmt":"2021-12-27T12:38:48","slug":"instituciones","status":"publish","type":"page","link":"https:\/\/sanrafaeldelparana.gov.py\/index.php\/instituciones\/","title":{"rendered":"Instituciones P\u00fablicas."},"content":{"rendered":"\t\t<div data-elementor-type=\"wp-page\" data-elementor-id=\"190\" class=\"elementor elementor-190\">\n\t\t\t\t\t\t<section class=\"elementor-section elementor-top-section elementor-element elementor-element-65695e2 elementor-section-boxed elementor-section-height-default elementor-section-height-default\" data-id=\"65695e2\" data-element_type=\"section\" data-e-type=\"section\">\n\t\t\t\t\t\t<div class=\"elementor-container elementor-column-gap-default\">\n\t\t\t\t\t<div class=\"elementor-column elementor-col-100 elementor-top-column elementor-element elementor-element-ddc9f93\" data-id=\"ddc9f93\" data-element_type=\"column\" data-e-type=\"column\">\n\t\t\t<div class=\"elementor-widget-wrap elementor-element-populated\">\n\t\t\t\t\t\t<div class=\"elementor-element elementor-element-d3933ad elementor-widget elementor-widget-text-editor\" data-id=\"d3933ad\" data-element_type=\"widget\" data-e-type=\"widget\" data-widget_type=\"text-editor.default\">\n\t\t\t\t<div class=\"elementor-widget-container\">\n\t\t\t\t\t\t\t\t\t<ol><li>\u00a0Municipalidad<\/li><li>Polic\u00eda Nacional<\/li><li>Direcci\u00f3n General de Recaudaciones<\/li><li>Colegios y Escuelas<\/li><li>Correo<\/li><li>Juzgado de Paz<\/li><li>Instituto de Bienestar Rural (INDERT)<\/li><li>Oficina de Denuncias Penales de la Fiscal\u00eda<\/li><li>Destacamento Militar<\/li><li>Registro Civil<\/li><li>Cr\u00e9dito Agr\u00edcola de Habilitaci\u00f3n<\/li><\/ol>\t\t\t\t\t\t\t\t<\/div>\n\t\t\t\t<\/div>\n\t\t\t\t\t<\/div>\n\t\t<\/div>\n\t\t\t\t\t<\/div>\n\t\t<\/section>\n\t\t\t\t<section class=\"elementor-section elementor-top-section elementor-element elementor-element-0b403ad elementor-section-boxed elementor-section-height-default elementor-section-height-default\" data-id=\"0b403ad\" data-element_type=\"section\" data-e-type=\"section\">\n\t\t\t\t\t\t<div class=\"elementor-container elementor-column-gap-default\">\n\t\t\t\t\t<div class=\"elementor-column elementor-col-100 elementor-top-column elementor-element elementor-element-fbd3d1e\" data-id=\"fbd3d1e\" data-element_type=\"column\" data-e-type=\"column\">\n\t\t\t<div class=\"elementor-widget-wrap\">\n\t\t\t\t\t\t\t<\/div>\n\t\t<\/div>\n\t\t\t\t\t<\/div>\n\t\t<\/section>\n\t\t\t\t<\/div>\n\t\t","protected":false},"excerpt":{"rendered":"<p>\u00a0Municipalidad Polic\u00eda Nacional Direcci\u00f3n General de Recaudaciones Colegios y Escuelas Correo Juzgado de Paz Instituto de Bienestar Rural (INDERT) Oficina de Denuncias Penales de la Fiscal\u00eda Destacamento Militar Registro Civil Cr\u00e9dito Agr\u00edcola de Habilitaci\u00f3n<\/p>\n","protected":false},"author":1,"featured_media":0,"parent":0,"menu_order":0,"comment_status":"closed","ping_status":"closed","template":"","meta":{"_eb_attr":"","footnotes":""},"class_list":["post-190","page","type-page","status-publish","hentry"],"yoast_head":"<!-- This site is optimized with the Yoast SEO plugin v27.3 - https:\/\/yoast.com\/product\/yoast-seo-wordpress\/ -->\n<title>Instituciones P\u00fablicas. - Municipalidad de San Rafael del Paran\u00e1<\/title>\n<meta name=\"description\" content=\"Instituciones Publicas que se encuentran dentro del distrito de san Rafael del Paran\u00e1\" \/>\n<meta name=\"robots\" content=\"noindex, follow, max-snippet:-1, max-image-preview:large, max-video-preview:-1\" \/>\n<meta property=\"og:locale\" content=\"es_ES\" \/>\n<meta property=\"og:type\" content=\"article\" \/>\n<meta property=\"og:title\" content=\"Instituciones P\u00fablicas. - Municipalidad de San Rafael del Paran\u00e1\" \/>\n<meta property=\"og:description\" content=\"Instituciones Publicas que se encuentran dentro del distrito de san Rafael del Paran\u00e1\" \/>\n<meta property=\"og:url\" content=\"https:\/\/sanrafaeldelparana.gov.py\/index.php\/instituciones\/\" \/>\n<meta property=\"og:site_name\" content=\"Municipalidad de San Rafael del Paran\u00e1\" \/>\n<meta property=\"article:modified_time\" content=\"2021-12-27T12:38:48+00:00\" \/>\n<meta name=\"twitter:card\" content=\"summary_large_image\" \/>\n<meta name=\"twitter:label1\" content=\"Tiempo de lectura\" \/>\n\t<meta name=\"twitter:data1\" content=\"1 minuto\" \/>\n<script type=\"application\/ld+json\" class=\"yoast-schema-graph\">{\"@context\":\"https:\\\/\\\/schema.org\",\"@graph\":[{\"@type\":\"WebPage\",\"@id\":\"https:\\\/\\\/sanrafaeldelparana.gov.py\\\/index.php\\\/instituciones\\\/\",\"url\":\"https:\\\/\\\/sanrafaeldelparana.gov.py\\\/index.php\\\/instituciones\\\/\",\"name\":\"Instituciones P\u00fablicas. - Municipalidad de San Rafael del Paran\u00e1\",\"isPartOf\":{\"@id\":\"https:\\\/\\\/sanrafaeldelparana.gov.py\\\/#website\"},\"datePublished\":\"2021-11-18T06:04:59+00:00\",\"dateModified\":\"2021-12-27T12:38:48+00:00\",\"description\":\"Instituciones Publicas que se encuentran dentro del distrito de san Rafael del Paran\u00e1\",\"breadcrumb\":{\"@id\":\"https:\\\/\\\/sanrafaeldelparana.gov.py\\\/index.php\\\/instituciones\\\/#breadcrumb\"},\"inLanguage\":\"es\",\"potentialAction\":[{\"@type\":\"ReadAction\",\"target\":[\"https:\\\/\\\/sanrafaeldelparana.gov.py\\\/index.php\\\/instituciones\\\/\"]}]},{\"@type\":\"BreadcrumbList\",\"@id\":\"https:\\\/\\\/sanrafaeldelparana.gov.py\\\/index.php\\\/instituciones\\\/#breadcrumb\",\"itemListElement\":[{\"@type\":\"ListItem\",\"position\":1,\"name\":\"Home\",\"item\":\"https:\\\/\\\/sanrafaeldelparana.gov.py\\\/\"},{\"@type\":\"ListItem\",\"position\":2,\"name\":\"Instituciones P\u00fablicas.\"}]},{\"@type\":\"WebSite\",\"@id\":\"https:\\\/\\\/sanrafaeldelparana.gov.py\\\/#website\",\"url\":\"https:\\\/\\\/sanrafaeldelparana.gov.py\\\/\",\"name\":\"Municipalidad de San Rafael del Paran\u00e1\",\"description\":\"\",\"publisher\":{\"@id\":\"https:\\\/\\\/sanrafaeldelparana.gov.py\\\/#organization\"},\"potentialAction\":[{\"@type\":\"SearchAction\",\"target\":{\"@type\":\"EntryPoint\",\"urlTemplate\":\"https:\\\/\\\/sanrafaeldelparana.gov.py\\\/?s={search_term_string}\"},\"query-input\":{\"@type\":\"PropertyValueSpecification\",\"valueRequired\":true,\"valueName\":\"search_term_string\"}}],\"inLanguage\":\"es\"},{\"@type\":\"Organization\",\"@id\":\"https:\\\/\\\/sanrafaeldelparana.gov.py\\\/#organization\",\"name\":\"Municipalidad de San Rafael del Paran\u00e1\",\"url\":\"https:\\\/\\\/sanrafaeldelparana.gov.py\\\/\",\"logo\":{\"@type\":\"ImageObject\",\"inLanguage\":\"es\",\"@id\":\"https:\\\/\\\/sanrafaeldelparana.gov.py\\\/#\\\/schema\\\/logo\\\/image\\\/\",\"url\":\"https:\\\/\\\/sanrafaeldelparana.gov.py\\\/wp-content\\\/uploads\\\/2021\\\/11\\\/cropped-logo.png\",\"contentUrl\":\"https:\\\/\\\/sanrafaeldelparana.gov.py\\\/wp-content\\\/uploads\\\/2021\\\/11\\\/cropped-logo.png\",\"width\":218,\"height\":230,\"caption\":\"Municipalidad de San Rafael del Paran\u00e1\"},\"image\":{\"@id\":\"https:\\\/\\\/sanrafaeldelparana.gov.py\\\/#\\\/schema\\\/logo\\\/image\\\/\"}}]}<\/script>\n<!-- \/ Yoast SEO plugin. -->","yoast_head_json":{"title":"Instituciones P\u00fablicas. - Municipalidad de San Rafael del Paran\u00e1","description":"Instituciones Publicas que se encuentran dentro del distrito de san Rafael del Paran\u00e1","robots":{"index":"noindex","follow":"follow","max-snippet":"max-snippet:-1","max-image-preview":"max-image-preview:large","max-video-preview":"max-video-preview:-1"},"og_locale":"es_ES","og_type":"article","og_title":"Instituciones P\u00fablicas. - Municipalidad de San Rafael del Paran\u00e1","og_description":"Instituciones Publicas que se encuentran dentro del distrito de san Rafael del Paran\u00e1","og_url":"https:\/\/sanrafaeldelparana.gov.py\/index.php\/instituciones\/","og_site_name":"Municipalidad de San Rafael del Paran\u00e1","article_modified_time":"2021-12-27T12:38:48+00:00","twitter_card":"summary_large_image","twitter_misc":{"Tiempo de lectura":"1 minuto"},"schema":{"@context":"https:\/\/schema.org","@graph":[{"@type":"WebPage","@id":"https:\/\/sanrafaeldelparana.gov.py\/index.php\/instituciones\/","url":"https:\/\/sanrafaeldelparana.gov.py\/index.php\/instituciones\/","name":"Instituciones P\u00fablicas. - Municipalidad de San Rafael del Paran\u00e1","isPartOf":{"@id":"https:\/\/sanrafaeldelparana.gov.py\/#website"},"datePublished":"2021-11-18T06:04:59+00:00","dateModified":"2021-12-27T12:38:48+00:00","description":"Instituciones Publicas que se encuentran dentro del distrito de san Rafael del Paran\u00e1","breadcrumb":{"@id":"https:\/\/sanrafaeldelparana.gov.py\/index.php\/instituciones\/#breadcrumb"},"inLanguage":"es","potentialAction":[{"@type":"ReadAction","target":["https:\/\/sanrafaeldelparana.gov.py\/index.php\/instituciones\/"]}]},{"@type":"BreadcrumbList","@id":"https:\/\/sanrafaeldelparana.gov.py\/index.php\/instituciones\/#breadcrumb","itemListElement":[{"@type":"ListItem","position":1,"name":"Home","item":"https:\/\/sanrafaeldelparana.gov.py\/"},{"@type":"ListItem","position":2,"name":"Instituciones P\u00fablicas."}]},{"@type":"WebSite","@id":"https:\/\/sanrafaeldelparana.gov.py\/#website","url":"https:\/\/sanrafaeldelparana.gov.py\/","name":"Municipalidad de San Rafael del Paran\u00e1","description":"","publisher":{"@id":"https:\/\/sanrafaeldelparana.gov.py\/#organization"},"potentialAction":[{"@type":"SearchAction","target":{"@type":"EntryPoint","urlTemplate":"https:\/\/sanrafaeldelparana.gov.py\/?s={search_term_string}"},"query-input":{"@type":"PropertyValueSpecification","valueRequired":true,"valueName":"search_term_string"}}],"inLanguage":"es"},{"@type":"Organization","@id":"https:\/\/sanrafaeldelparana.gov.py\/#organization","name":"Municipalidad de San Rafael del Paran\u00e1","url":"https:\/\/sanrafaeldelparana.gov.py\/","logo":{"@type":"ImageObject","inLanguage":"es","@id":"https:\/\/sanrafaeldelparana.gov.py\/#\/schema\/logo\/image\/","url":"https:\/\/sanrafaeldelparana.gov.py\/wp-content\/uploads\/2021\/11\/cropped-logo.png","contentUrl":"https:\/\/sanrafaeldelparana.gov.py\/wp-content\/uploads\/2021\/11\/cropped-logo.png","width":218,"height":230,"caption":"Municipalidad de San Rafael del Paran\u00e1"},"image":{"@id":"https:\/\/sanrafaeldelparana.gov.py\/#\/schema\/logo\/image\/"}}]}},"_links":{"self":[{"href":"https:\/\/sanrafaeldelparana.gov.py\/index.php\/wp-json\/wp\/v2\/pages\/190","targetHints":{"allow":["GET"]}}],"collection":[{"href":"https:\/\/sanrafaeldelparana.gov.py\/index.php\/wp-json\/wp\/v2\/pages"}],"about":[{"href":"https:\/\/sanrafaeldelparana.gov.py\/index.php\/wp-json\/wp\/v2\/types\/page"}],"author":[{"embeddable":true,"href":"https:\/\/sanrafaeldelparana.gov.py\/index.php\/wp-json\/wp\/v2\/users\/1"}],"replies":[{"embeddable":true,"href":"https:\/\/sanrafaeldelparana.gov.py\/index.php\/wp-json\/wp\/v2\/comments?post=190"}],"version-history":[{"count":19,"href":"https:\/\/sanrafaeldelparana.gov.py\/index.php\/wp-json\/wp\/v2\/pages\/190\/revisions"}],"predecessor-version":[{"id":381,"href":"https:\/\/sanrafaeldelparana.gov.py\/index.php\/wp-json\/wp\/v2\/pages\/190\/revisions\/381"}],"wp:attachment":[{"href":"https:\/\/sanrafaeldelparana.gov.py\/index.php\/wp-json\/wp\/v2\/media?parent=190"}],"curies":[{"name":"wp","href":"https:\/\/api.w.org\/{rel}","templated":true}]}}