{"id":1423,"date":"2025-11-26T14:59:16","date_gmt":"2025-11-26T14:59:16","guid":{"rendered":"https:\/\/sanrafaeldelparana.gov.py\/?page_id=1423"},"modified":"2026-01-30T21:48:04","modified_gmt":"2026-01-30T21:48:04","slug":"patip","status":"publish","type":"page","link":"https:\/\/sanrafaeldelparana.gov.py\/index.php\/patip\/","title":{"rendered":"PATIP"},"content":{"rendered":"\t\t<div data-elementor-type=\"wp-page\" data-elementor-id=\"1423\" class=\"elementor elementor-1423\">\n\t\t\t\t\t\t<section class=\"elementor-section elementor-top-section elementor-element elementor-element-3e798916 elementor-section-boxed elementor-section-height-default elementor-section-height-default\" data-id=\"3e798916\" data-element_type=\"section\" data-e-type=\"section\">\n\t\t\t\t\t\t<div class=\"elementor-container elementor-column-gap-default\">\n\t\t\t\t\t<div class=\"elementor-column elementor-col-100 elementor-top-column elementor-element elementor-element-62bd0017\" data-id=\"62bd0017\" data-element_type=\"column\" data-e-type=\"column\">\n\t\t\t<div class=\"elementor-widget-wrap elementor-element-populated\">\n\t\t\t\t\t\t<div class=\"elementor-element elementor-element-72c15483 elementor-widget elementor-widget-text-editor\" data-id=\"72c15483\" data-element_type=\"widget\" data-e-type=\"widget\" data-widget_type=\"text-editor.default\">\n\t\t\t\t<div class=\"elementor-widget-container\">\n\t\t\t\t\t\t\t\t\t\n<p><strong>PATIP<\/strong> \u2013 Plan Anual de Transparencia Institucional y Participativa<\/p>\n<p>En cumplimiento de lo dispuesto en el Art\u00edculo 7\u00b0 de la Resoluci\u00f3n N\u00b0 445\/2025 de la Contralor\u00eda General de la Rep\u00fablica, la <strong>Municipalidad de San Rafael del Paran\u00e1<\/strong> informa a la ciudadan\u00eda que ha dado cumplimiento a la obligaci\u00f3n establecida en el inciso d), concerniente a la <strong>publicaci\u00f3n del Plan Anual de Transparencia e Integridad P\u00fablica (PATIP)<\/strong>.<\/p>\n\n<p>El citado documento ha sido debidamente aprobado mediante acto administrativo por el <strong>Intendente Municipal<\/strong>, conforme a las disposiciones legales y reglamentarias vigentes, y se encuentra disponible en este portal institucional en un <strong>formato abierto, accesible y de f\u00e1cil consulta<\/strong> para todos los ciudadanos.<\/p>\n\n<p>La publicaci\u00f3n del PATIP constituye un instrumento esencial para el fortalecimiento de los principios de <strong>transparencia, integridad, \u00e9tica p\u00fablica y acceso a la informaci\u00f3n<\/strong>, reafirmando el compromiso de esta administraci\u00f3n municipal con una <strong>gesti\u00f3n responsable, participativa y orientada al inter\u00e9s general de la comunidad de San Rafael del Paran\u00e1<\/strong>.<\/p>\n\n<p>La Municipalidad reitera su disposici\u00f3n de seguir avanzando en acciones que promuevan la rendici\u00f3n de cuentas, la apertura institucional y el fortalecimiento de la confianza ciudadana.<\/p>\n\n<p>\u00a0<\/p>\n<p>\ud83d\udc49 Acceder al<strong>\u00a0<a href=\"https:\/\/sanrafaeldelparana.gov.py\/wp-content\/uploads\/2025\/11\/PATIP-2025.pdf\">PATIP 2025<\/a><\/strong><\/p>\n<p>\u00a0<\/p>\n<p>\ud83d\udc49 Acceder al <strong><a href=\"https:\/\/sanrafaeldelparana.gov.py\/wp-content\/uploads\/2026\/01\/PATIP-2026.pdf\">PATIP 2026<\/a><\/strong><\/p>\n<p><a href=\"https:\/\/sanrafaeldelparana.gov.py\/wp-content\/uploads\/2026\/01\/Matriz_PATIP_2026.xlsx\">Matriz_PATIP_2026<\/a><\/p>\n\t\t\t\t\t\t\t\t<\/div>\n\t\t\t\t<\/div>\n\t\t\t\t\t<\/div>\n\t\t<\/div>\n\t\t\t\t\t<\/div>\n\t\t<\/section>\n\t\t\t\t<\/div>\n\t\t","protected":false},"excerpt":{"rendered":"<p>PATIP \u2013 Plan Anual de Transparencia Institucional y Participativa En cumplimiento de lo dispuesto en el Art\u00edculo 7\u00b0 de la Resoluci\u00f3n N\u00b0 445\/2025 de la Contralor\u00eda General de la Rep\u00fablica, la Municipalidad de San Rafael del Paran\u00e1 informa a la ciudadan\u00eda que ha dado cumplimiento a la obligaci\u00f3n establecida en el inciso d), concerniente a [&hellip;]<\/p>\n","protected":false},"author":1,"featured_media":1440,"parent":0,"menu_order":0,"comment_status":"closed","ping_status":"closed","template":"","meta":{"_eb_attr":"","footnotes":""},"class_list":["post-1423","page","type-page","status-publish","has-post-thumbnail","hentry"],"yoast_head":"<!-- This site is optimized with the Yoast SEO plugin v27.3 - https:\/\/yoast.com\/product\/yoast-seo-wordpress\/ -->\n<title>PATIP - Municipalidad de San Rafael del Paran\u00e1<\/title>\n<meta name=\"description\" content=\"En cumplimiento de lo dispuesto en el Art\u00edculo 7\u00b0 de la Resoluci\u00f3n N\u00b0 445\/2025 de la Contralor\u00eda General de la Rep\u00fablica, la Municipalidad de San Rafael del Paran\u00e1 informa a la ciudadan\u00eda que ha dado cumplimiento a la obligaci\u00f3n establecida en el inciso d), concerniente a la publicaci\u00f3n del Plan Anual de Transparencia e Integridad P\u00fablica (PATIP).El citado documento ha sido debidamente aprobado mediante acto administrativo por el Intendente Municipal, conforme a las disposiciones legales y reglamentarias vigentes, y se encuentra disponible en este portal institucional en un formato abierto, accesible y de f\u00e1cil consulta para todos los ciudadanos.La publicaci\u00f3n del PATIP constituye un instrumento esencial para el fortalecimiento de los principios de transparencia, integridad, \u00e9tica p\u00fablica y acceso a la informaci\u00f3n, reafirmando el compromiso de esta administraci\u00f3n municipal con una gesti\u00f3n responsable, participativa y orientada al inter\u00e9s general de la comunidad de San Rafael del Paran\u00e1.La Municipalidad reitera su disposici\u00f3n de seguir avanzando en acciones que promuevan la rendici\u00f3n de cuentas, la apertura institucional y el fortalecimiento de la confianza ciudadana.\" \/>\n<meta name=\"robots\" content=\"noindex, follow, max-snippet:-1, max-image-preview:large, max-video-preview:-1\" \/>\n<meta property=\"og:locale\" content=\"es_ES\" \/>\n<meta property=\"og:type\" content=\"article\" \/>\n<meta property=\"og:title\" content=\"PATIP - Municipalidad de San Rafael del Paran\u00e1\" \/>\n<meta property=\"og:description\" content=\"En cumplimiento de lo dispuesto en el Art\u00edculo 7\u00b0 de la Resoluci\u00f3n N\u00b0 445\/2025 de la Contralor\u00eda General de la Rep\u00fablica, la Municipalidad de San Rafael del Paran\u00e1 informa a la ciudadan\u00eda que ha dado cumplimiento a la obligaci\u00f3n establecida en el inciso d), concerniente a la publicaci\u00f3n del Plan Anual de Transparencia e Integridad P\u00fablica (PATIP).El citado documento ha sido debidamente aprobado mediante acto administrativo por el Intendente Municipal, conforme a las disposiciones legales y reglamentarias vigentes, y se encuentra disponible en este portal institucional en un formato abierto, accesible y de f\u00e1cil consulta para todos los ciudadanos.La publicaci\u00f3n del PATIP constituye un instrumento esencial para el fortalecimiento de los principios de transparencia, integridad, \u00e9tica p\u00fablica y acceso a la informaci\u00f3n, reafirmando el compromiso de esta administraci\u00f3n municipal con una gesti\u00f3n responsable, participativa y orientada al inter\u00e9s general de la comunidad de San Rafael del Paran\u00e1.La Municipalidad reitera su disposici\u00f3n de seguir avanzando en acciones que promuevan la rendici\u00f3n de cuentas, la apertura institucional y el fortalecimiento de la confianza ciudadana.\" \/>\n<meta property=\"og:url\" content=\"https:\/\/sanrafaeldelparana.gov.py\/index.php\/patip\/\" \/>\n<meta property=\"og:site_name\" content=\"Municipalidad de San Rafael del Paran\u00e1\" \/>\n<meta property=\"article:modified_time\" content=\"2026-01-30T21:48:04+00:00\" \/>\n<meta property=\"og:image\" content=\"https:\/\/sanrafaeldelparana.gov.py\/wp-content\/uploads\/2025\/11\/MUNICIPALIDAD-DE-SAN-RAFAEL-DEL-PARANA-scaled.png\" \/>\n\t<meta property=\"og:image:width\" content=\"2560\" \/>\n\t<meta property=\"og:image:height\" content=\"1600\" \/>\n\t<meta property=\"og:image:type\" content=\"image\/png\" \/>\n<meta name=\"twitter:card\" content=\"summary_large_image\" \/>\n<meta name=\"twitter:label1\" content=\"Tiempo de lectura\" \/>\n\t<meta name=\"twitter:data1\" content=\"2 minutos\" \/>\n<script type=\"application\/ld+json\" class=\"yoast-schema-graph\">{\"@context\":\"https:\\\/\\\/schema.org\",\"@graph\":[{\"@type\":\"WebPage\",\"@id\":\"https:\\\/\\\/sanrafaeldelparana.gov.py\\\/index.php\\\/patip\\\/\",\"url\":\"https:\\\/\\\/sanrafaeldelparana.gov.py\\\/index.php\\\/patip\\\/\",\"name\":\"PATIP - Municipalidad de San Rafael del Paran\u00e1\",\"isPartOf\":{\"@id\":\"https:\\\/\\\/sanrafaeldelparana.gov.py\\\/#website\"},\"primaryImageOfPage\":{\"@id\":\"https:\\\/\\\/sanrafaeldelparana.gov.py\\\/index.php\\\/patip\\\/#primaryimage\"},\"image\":{\"@id\":\"https:\\\/\\\/sanrafaeldelparana.gov.py\\\/index.php\\\/patip\\\/#primaryimage\"},\"thumbnailUrl\":\"https:\\\/\\\/sanrafaeldelparana.gov.py\\\/wp-content\\\/uploads\\\/2025\\\/11\\\/MUNICIPALIDAD-DE-SAN-RAFAEL-DEL-PARANA-scaled.png\",\"datePublished\":\"2025-11-26T14:59:16+00:00\",\"dateModified\":\"2026-01-30T21:48:04+00:00\",\"description\":\"En cumplimiento de lo dispuesto en el Art\u00edculo 7\u00b0 de la Resoluci\u00f3n N\u00b0 445\\\/2025 de la Contralor\u00eda General de la Rep\u00fablica, la Municipalidad de San Rafael del Paran\u00e1 informa a la ciudadan\u00eda que ha dado cumplimiento a la obligaci\u00f3n establecida en el inciso d), concerniente a la publicaci\u00f3n del Plan Anual de Transparencia e Integridad P\u00fablica (PATIP).El citado documento ha sido debidamente aprobado mediante acto administrativo por el Intendente Municipal, conforme a las disposiciones legales y reglamentarias vigentes, y se encuentra disponible en este portal institucional en un formato abierto, accesible y de f\u00e1cil consulta para todos los ciudadanos.La publicaci\u00f3n del PATIP constituye un instrumento esencial para el fortalecimiento de los principios de transparencia, integridad, \u00e9tica p\u00fablica y acceso a la informaci\u00f3n, reafirmando el compromiso de esta administraci\u00f3n municipal con una gesti\u00f3n responsable, participativa y orientada al inter\u00e9s general de la comunidad de San Rafael del Paran\u00e1.La Municipalidad reitera su disposici\u00f3n de seguir avanzando en acciones que promuevan la rendici\u00f3n de cuentas, la apertura institucional y el fortalecimiento de la confianza ciudadana.\",\"breadcrumb\":{\"@id\":\"https:\\\/\\\/sanrafaeldelparana.gov.py\\\/index.php\\\/patip\\\/#breadcrumb\"},\"inLanguage\":\"es\",\"potentialAction\":[{\"@type\":\"ReadAction\",\"target\":[\"https:\\\/\\\/sanrafaeldelparana.gov.py\\\/index.php\\\/patip\\\/\"]}]},{\"@type\":\"ImageObject\",\"inLanguage\":\"es\",\"@id\":\"https:\\\/\\\/sanrafaeldelparana.gov.py\\\/index.php\\\/patip\\\/#primaryimage\",\"url\":\"https:\\\/\\\/sanrafaeldelparana.gov.py\\\/wp-content\\\/uploads\\\/2025\\\/11\\\/MUNICIPALIDAD-DE-SAN-RAFAEL-DEL-PARANA-scaled.png\",\"contentUrl\":\"https:\\\/\\\/sanrafaeldelparana.gov.py\\\/wp-content\\\/uploads\\\/2025\\\/11\\\/MUNICIPALIDAD-DE-SAN-RAFAEL-DEL-PARANA-scaled.png\",\"width\":2560,\"height\":1600},{\"@type\":\"BreadcrumbList\",\"@id\":\"https:\\\/\\\/sanrafaeldelparana.gov.py\\\/index.php\\\/patip\\\/#breadcrumb\",\"itemListElement\":[{\"@type\":\"ListItem\",\"position\":1,\"name\":\"Home\",\"item\":\"https:\\\/\\\/sanrafaeldelparana.gov.py\\\/\"},{\"@type\":\"ListItem\",\"position\":2,\"name\":\"PATIP\"}]},{\"@type\":\"WebSite\",\"@id\":\"https:\\\/\\\/sanrafaeldelparana.gov.py\\\/#website\",\"url\":\"https:\\\/\\\/sanrafaeldelparana.gov.py\\\/\",\"name\":\"Municipalidad de San Rafael del Paran\u00e1\",\"description\":\"\",\"publisher\":{\"@id\":\"https:\\\/\\\/sanrafaeldelparana.gov.py\\\/#organization\"},\"potentialAction\":[{\"@type\":\"SearchAction\",\"target\":{\"@type\":\"EntryPoint\",\"urlTemplate\":\"https:\\\/\\\/sanrafaeldelparana.gov.py\\\/?s={search_term_string}\"},\"query-input\":{\"@type\":\"PropertyValueSpecification\",\"valueRequired\":true,\"valueName\":\"search_term_string\"}}],\"inLanguage\":\"es\"},{\"@type\":\"Organization\",\"@id\":\"https:\\\/\\\/sanrafaeldelparana.gov.py\\\/#organization\",\"name\":\"Municipalidad de San Rafael del Paran\u00e1\",\"url\":\"https:\\\/\\\/sanrafaeldelparana.gov.py\\\/\",\"logo\":{\"@type\":\"ImageObject\",\"inLanguage\":\"es\",\"@id\":\"https:\\\/\\\/sanrafaeldelparana.gov.py\\\/#\\\/schema\\\/logo\\\/image\\\/\",\"url\":\"https:\\\/\\\/sanrafaeldelparana.gov.py\\\/wp-content\\\/uploads\\\/2021\\\/11\\\/cropped-logo.png\",\"contentUrl\":\"https:\\\/\\\/sanrafaeldelparana.gov.py\\\/wp-content\\\/uploads\\\/2021\\\/11\\\/cropped-logo.png\",\"width\":218,\"height\":230,\"caption\":\"Municipalidad de San Rafael del Paran\u00e1\"},\"image\":{\"@id\":\"https:\\\/\\\/sanrafaeldelparana.gov.py\\\/#\\\/schema\\\/logo\\\/image\\\/\"}}]}<\/script>\n<!-- \/ Yoast SEO plugin. -->","yoast_head_json":{"title":"PATIP - Municipalidad de San Rafael del Paran\u00e1","description":"En cumplimiento de lo dispuesto en el Art\u00edculo 7\u00b0 de la Resoluci\u00f3n N\u00b0 445\/2025 de la Contralor\u00eda General de la Rep\u00fablica, la Municipalidad de San Rafael del Paran\u00e1 informa a la ciudadan\u00eda que ha dado cumplimiento a la obligaci\u00f3n establecida en el inciso d), concerniente a la publicaci\u00f3n del Plan Anual de Transparencia e Integridad P\u00fablica (PATIP).El citado documento ha sido debidamente aprobado mediante acto administrativo por el Intendente Municipal, conforme a las disposiciones legales y reglamentarias vigentes, y se encuentra disponible en este portal institucional en un formato abierto, accesible y de f\u00e1cil consulta para todos los ciudadanos.La publicaci\u00f3n del PATIP constituye un instrumento esencial para el fortalecimiento de los principios de transparencia, integridad, \u00e9tica p\u00fablica y acceso a la informaci\u00f3n, reafirmando el compromiso de esta administraci\u00f3n municipal con una gesti\u00f3n responsable, participativa y orientada al inter\u00e9s general de la comunidad de San Rafael del Paran\u00e1.La Municipalidad reitera su disposici\u00f3n de seguir avanzando en acciones que promuevan la rendici\u00f3n de cuentas, la apertura institucional y el fortalecimiento de la confianza ciudadana.","robots":{"index":"noindex","follow":"follow","max-snippet":"max-snippet:-1","max-image-preview":"max-image-preview:large","max-video-preview":"max-video-preview:-1"},"og_locale":"es_ES","og_type":"article","og_title":"PATIP - Municipalidad de San Rafael del Paran\u00e1","og_description":"En cumplimiento de lo dispuesto en el Art\u00edculo 7\u00b0 de la Resoluci\u00f3n N\u00b0 445\/2025 de la Contralor\u00eda General de la Rep\u00fablica, la Municipalidad de San Rafael del Paran\u00e1 informa a la ciudadan\u00eda que ha dado cumplimiento a la obligaci\u00f3n establecida en el inciso d), concerniente a la publicaci\u00f3n del Plan Anual de Transparencia e Integridad P\u00fablica (PATIP).El citado documento ha sido debidamente aprobado mediante acto administrativo por el Intendente Municipal, conforme a las disposiciones legales y reglamentarias vigentes, y se encuentra disponible en este portal institucional en un formato abierto, accesible y de f\u00e1cil consulta para todos los ciudadanos.La publicaci\u00f3n del PATIP constituye un instrumento esencial para el fortalecimiento de los principios de transparencia, integridad, \u00e9tica p\u00fablica y acceso a la informaci\u00f3n, reafirmando el compromiso de esta administraci\u00f3n municipal con una gesti\u00f3n responsable, participativa y orientada al inter\u00e9s general de la comunidad de San Rafael del Paran\u00e1.La Municipalidad reitera su disposici\u00f3n de seguir avanzando en acciones que promuevan la rendici\u00f3n de cuentas, la apertura institucional y el fortalecimiento de la confianza ciudadana.","og_url":"https:\/\/sanrafaeldelparana.gov.py\/index.php\/patip\/","og_site_name":"Municipalidad de San Rafael del Paran\u00e1","article_modified_time":"2026-01-30T21:48:04+00:00","og_image":[{"width":2560,"height":1600,"url":"https:\/\/sanrafaeldelparana.gov.py\/wp-content\/uploads\/2025\/11\/MUNICIPALIDAD-DE-SAN-RAFAEL-DEL-PARANA-scaled.png","type":"image\/png"}],"twitter_card":"summary_large_image","twitter_misc":{"Tiempo de lectura":"2 minutos"},"schema":{"@context":"https:\/\/schema.org","@graph":[{"@type":"WebPage","@id":"https:\/\/sanrafaeldelparana.gov.py\/index.php\/patip\/","url":"https:\/\/sanrafaeldelparana.gov.py\/index.php\/patip\/","name":"PATIP - Municipalidad de San Rafael del Paran\u00e1","isPartOf":{"@id":"https:\/\/sanrafaeldelparana.gov.py\/#website"},"primaryImageOfPage":{"@id":"https:\/\/sanrafaeldelparana.gov.py\/index.php\/patip\/#primaryimage"},"image":{"@id":"https:\/\/sanrafaeldelparana.gov.py\/index.php\/patip\/#primaryimage"},"thumbnailUrl":"https:\/\/sanrafaeldelparana.gov.py\/wp-content\/uploads\/2025\/11\/MUNICIPALIDAD-DE-SAN-RAFAEL-DEL-PARANA-scaled.png","datePublished":"2025-11-26T14:59:16+00:00","dateModified":"2026-01-30T21:48:04+00:00","description":"En cumplimiento de lo dispuesto en el Art\u00edculo 7\u00b0 de la Resoluci\u00f3n N\u00b0 445\/2025 de la Contralor\u00eda General de la Rep\u00fablica, la Municipalidad de San Rafael del Paran\u00e1 informa a la ciudadan\u00eda que ha dado cumplimiento a la obligaci\u00f3n establecida en el inciso d), concerniente a la publicaci\u00f3n del Plan Anual de Transparencia e Integridad P\u00fablica (PATIP).El citado documento ha sido debidamente aprobado mediante acto administrativo por el Intendente Municipal, conforme a las disposiciones legales y reglamentarias vigentes, y se encuentra disponible en este portal institucional en un formato abierto, accesible y de f\u00e1cil consulta para todos los ciudadanos.La publicaci\u00f3n del PATIP constituye un instrumento esencial para el fortalecimiento de los principios de transparencia, integridad, \u00e9tica p\u00fablica y acceso a la informaci\u00f3n, reafirmando el compromiso de esta administraci\u00f3n municipal con una gesti\u00f3n responsable, participativa y orientada al inter\u00e9s general de la comunidad de San Rafael del Paran\u00e1.La Municipalidad reitera su disposici\u00f3n de seguir avanzando en acciones que promuevan la rendici\u00f3n de cuentas, la apertura institucional y el fortalecimiento de la confianza ciudadana.","breadcrumb":{"@id":"https:\/\/sanrafaeldelparana.gov.py\/index.php\/patip\/#breadcrumb"},"inLanguage":"es","potentialAction":[{"@type":"ReadAction","target":["https:\/\/sanrafaeldelparana.gov.py\/index.php\/patip\/"]}]},{"@type":"ImageObject","inLanguage":"es","@id":"https:\/\/sanrafaeldelparana.gov.py\/index.php\/patip\/#primaryimage","url":"https:\/\/sanrafaeldelparana.gov.py\/wp-content\/uploads\/2025\/11\/MUNICIPALIDAD-DE-SAN-RAFAEL-DEL-PARANA-scaled.png","contentUrl":"https:\/\/sanrafaeldelparana.gov.py\/wp-content\/uploads\/2025\/11\/MUNICIPALIDAD-DE-SAN-RAFAEL-DEL-PARANA-scaled.png","width":2560,"height":1600},{"@type":"BreadcrumbList","@id":"https:\/\/sanrafaeldelparana.gov.py\/index.php\/patip\/#breadcrumb","itemListElement":[{"@type":"ListItem","position":1,"name":"Home","item":"https:\/\/sanrafaeldelparana.gov.py\/"},{"@type":"ListItem","position":2,"name":"PATIP"}]},{"@type":"WebSite","@id":"https:\/\/sanrafaeldelparana.gov.py\/#website","url":"https:\/\/sanrafaeldelparana.gov.py\/","name":"Municipalidad de San Rafael del Paran\u00e1","description":"","publisher":{"@id":"https:\/\/sanrafaeldelparana.gov.py\/#organization"},"potentialAction":[{"@type":"SearchAction","target":{"@type":"EntryPoint","urlTemplate":"https:\/\/sanrafaeldelparana.gov.py\/?s={search_term_string}"},"query-input":{"@type":"PropertyValueSpecification","valueRequired":true,"valueName":"search_term_string"}}],"inLanguage":"es"},{"@type":"Organization","@id":"https:\/\/sanrafaeldelparana.gov.py\/#organization","name":"Municipalidad de San Rafael del Paran\u00e1","url":"https:\/\/sanrafaeldelparana.gov.py\/","logo":{"@type":"ImageObject","inLanguage":"es","@id":"https:\/\/sanrafaeldelparana.gov.py\/#\/schema\/logo\/image\/","url":"https:\/\/sanrafaeldelparana.gov.py\/wp-content\/uploads\/2021\/11\/cropped-logo.png","contentUrl":"https:\/\/sanrafaeldelparana.gov.py\/wp-content\/uploads\/2021\/11\/cropped-logo.png","width":218,"height":230,"caption":"Municipalidad de San Rafael del Paran\u00e1"},"image":{"@id":"https:\/\/sanrafaeldelparana.gov.py\/#\/schema\/logo\/image\/"}}]}},"_links":{"self":[{"href":"https:\/\/sanrafaeldelparana.gov.py\/index.php\/wp-json\/wp\/v2\/pages\/1423","targetHints":{"allow":["GET"]}}],"collection":[{"href":"https:\/\/sanrafaeldelparana.gov.py\/index.php\/wp-json\/wp\/v2\/pages"}],"about":[{"href":"https:\/\/sanrafaeldelparana.gov.py\/index.php\/wp-json\/wp\/v2\/types\/page"}],"author":[{"embeddable":true,"href":"https:\/\/sanrafaeldelparana.gov.py\/index.php\/wp-json\/wp\/v2\/users\/1"}],"replies":[{"embeddable":true,"href":"https:\/\/sanrafaeldelparana.gov.py\/index.php\/wp-json\/wp\/v2\/comments?post=1423"}],"version-history":[{"count":19,"href":"https:\/\/sanrafaeldelparana.gov.py\/index.php\/wp-json\/wp\/v2\/pages\/1423\/revisions"}],"predecessor-version":[{"id":1501,"href":"https:\/\/sanrafaeldelparana.gov.py\/index.php\/wp-json\/wp\/v2\/pages\/1423\/revisions\/1501"}],"wp:featuredmedia":[{"embeddable":true,"href":"https:\/\/sanrafaeldelparana.gov.py\/index.php\/wp-json\/wp\/v2\/media\/1440"}],"wp:attachment":[{"href":"https:\/\/sanrafaeldelparana.gov.py\/index.php\/wp-json\/wp\/v2\/media?parent=1423"}],"curies":[{"name":"wp","href":"https:\/\/api.w.org\/{rel}","templated":true}]}}